{"id":4303,"date":"2023-04-22T07:58:56","date_gmt":"2023-04-22T07:58:56","guid":{"rendered":"https:\/\/www.hotelexoticplaza.com\/our-blog-2\/"},"modified":"2025-08-27T15:11:35","modified_gmt":"2025-08-27T15:11:35","slug":"our-blog-2","status":"publish","type":"page","link":"https:\/\/www.hotelexoticplaza.com\/en\/our-blog-2\/","title":{"rendered":"Our Blog"},"content":{"rendered":"\t\t<div data-elementor-type=\"wp-page\" data-elementor-id=\"4303\" class=\"elementor elementor-4303 elementor-1002\">\n\t\t\t\t\t\t<section class=\"elementor-section elementor-top-section elementor-element elementor-element-df19b59 elementor-section-height-min-height cs-section-content-fullwidth cs-parallax-on-scroll cs_scroll_y_80 elementor-section-boxed elementor-section-height-default elementor-section-items-middle\" data-id=\"df19b59\" data-element_type=\"section\" data-settings=\"{&quot;background_background&quot;:&quot;classic&quot;}\" data-cs-parallax-y=\"80\" style=\"background-image: none;\" data-cs-background-image=\"https:\/\/www.hotelexoticplaza.cm\/wp-content\/uploads\/2023\/05\/spacejoy-vPKNB_gc23Q-unsplash.jpg\" data-cs-background-image-alt-text=\"\">\n\t\t\t\t\t\t\t<div class=\"elementor-background-overlay\"><\/div>\n\t\t\t\t\t\t\t<div class=\"elementor-container elementor-column-gap-no\">\n\t\t\t\t\t<div class=\"elementor-column elementor-col-100 elementor-top-column elementor-element elementor-element-398db92 dark-color\" data-id=\"398db92\" data-element_type=\"column\">\n\t\t\t<div class=\"elementor-widget-wrap elementor-element-populated\">\n\t\t\t\t\t\t<div class=\"elementor-element elementor-element-768b25f elementor-widget elementor-widget-cs_title\" data-id=\"768b25f\" data-element_type=\"widget\" data-widget_type=\"cs_title.default\">\n\t\t\t\t<div class=\"elementor-widget-container\">\n\t\t\t\t\t\n        <div class=\"cs-title-wrap text-center\">\t            <h1 class=\"cs-title\">\n\t                Our Blog\t            <\/h1>\t            <div class=\"cs-title-text\">\n\t                <p>Check out the latest news and events of the hotel<\/p>\t            <\/div>        <\/div>\t\t\t\t<\/div>\n\t\t\t\t<\/div>\n\t\t\t\t\t<\/div>\n\t\t<\/div>\n\t\t\t\t\t<\/div>\n\t\t<\/section>\n\t\t\t\t<section class=\"elementor-section elementor-top-section elementor-element elementor-element-fe1806c elementor-section-boxed elementor-section-height-default elementor-section-height-default\" data-id=\"fe1806c\" data-element_type=\"section\">\n\t\t\t\t\t\t<div class=\"elementor-container elementor-column-gap-no\">\n\t\t\t\t\t<div class=\"elementor-column elementor-col-100 elementor-top-column elementor-element elementor-element-9c076c5\" data-id=\"9c076c5\" data-element_type=\"column\">\n\t\t\t<div class=\"elementor-widget-wrap elementor-element-populated\">\n\t\t\t\t\t\t<div class=\"elementor-element elementor-element-1c8288f cs-animation-small-offset elementor-invisible elementor-widget elementor-widget-cs_blog\" data-id=\"1c8288f\" data-element_type=\"widget\" data-settings=\"{&quot;_animation&quot;:&quot;fadeInUp&quot;,&quot;_animation_delay&quot;:150}\" data-widget_type=\"cs_blog.default\">\n\t\t\t\t<div class=\"elementor-widget-container\">\n\t\t\t\t\t\t\t\t\t<div class=\"posts layout-grid column-2 img-ratio-3-2\" data-settings='{\"query\":{\"paged\":1,\"posts_per_page\":4,\"ignore_sticky_posts\":true,\"post_type\":\"post\",\"post_status\":\"publish\"},\"settings\":{\"layout\":\"grid\",\"columns\":\"2\",\"post_meta\":[\"excerpt\",\"read_more_btn\",\"category\",\"date\"],\"page_layout\":\"\",\"pagination\":\"ajax-manual\",\"archive_page\":\"elementor\"}}'>\n\t\t\t\t\t\t\t\t\t<div class=\"posts-wrapper\">\n<article class=\"post-4458 post type-post status-publish format-standard has-post-thumbnail hentry category-news-2\">\n            <div class=\"featured-img\">\n        \t<a href=\"https:\/\/www.hotelexoticplaza.com\/en\/exotic-plaza-hotel-luxury-stay-with-spa-event-hall-wine-cellar-2\/\"><img fetchpriority=\"high\" decoding=\"async\" width=\"780\" height=\"419\" src=\"https:\/\/www.hotelexoticplaza.com\/wp-content\/uploads\/2025\/08\/DSC00166-1-780x419.jpg\" class=\"attachment-cozystay_780x9999 size-cozystay_780x9999 wp-post-image image-layout-grid-column-2\" alt=\"Exotic Plaza Hotel | Luxury Stay with Spa, Event Hall  Wine Cellar\" srcset=\"https:\/\/www.hotelexoticplaza.com\/wp-content\/uploads\/2025\/08\/DSC00166-1-780x419.jpg 780w, https:\/\/www.hotelexoticplaza.com\/wp-content\/uploads\/2025\/08\/DSC00166-1-300x161.jpg 300w, https:\/\/www.hotelexoticplaza.com\/wp-content\/uploads\/2025\/08\/DSC00166-1-1024x550.jpg 1024w, https:\/\/www.hotelexoticplaza.com\/wp-content\/uploads\/2025\/08\/DSC00166-1-768x413.jpg 768w, https:\/\/www.hotelexoticplaza.com\/wp-content\/uploads\/2025\/08\/DSC00166-1-1536x825.jpg 1536w, https:\/\/www.hotelexoticplaza.com\/wp-content\/uploads\/2025\/08\/DSC00166-1-2048x1100.jpg 2048w, https:\/\/www.hotelexoticplaza.com\/wp-content\/uploads\/2025\/08\/DSC00166-1-1920x1031.jpg 1920w, https:\/\/www.hotelexoticplaza.com\/wp-content\/uploads\/2025\/08\/DSC00166-1-1440x774.jpg 1440w, https:\/\/www.hotelexoticplaza.com\/wp-content\/uploads\/2025\/08\/DSC00166-1-1200x645.jpg 1200w, https:\/\/www.hotelexoticplaza.com\/wp-content\/uploads\/2025\/08\/DSC00166-1-600x322.jpg 600w, https:\/\/www.hotelexoticplaza.com\/wp-content\/uploads\/2025\/08\/DSC00166-1-550x295.jpg 550w, https:\/\/www.hotelexoticplaza.com\/wp-content\/uploads\/2025\/08\/DSC00166-1-370x199.jpg 370w, https:\/\/www.hotelexoticplaza.com\/wp-content\/uploads\/2025\/08\/DSC00166-1-255x137.jpg 255w, https:\/\/www.hotelexoticplaza.com\/wp-content\/uploads\/2025\/08\/DSC00166-1-150x81.jpg 150w\" sizes=\"(max-width: 780px) 100vw, 780px\" \/><\/a>            <div class=\"overlay-label time-label featured-style\">\n                <div class=\"meta-item time\">\n                    <time class=\"published\" datetime=\"2025-08-19T10:41:20+00:00\">\n                        <span class=\"month\">Aug<\/span> <span class=\"day\">19<\/span>\n                    <\/time>\n                <\/div>\n            <\/div>        <\/div>\n    <div class=\"post-content\">\n        <header class=\"post-header\">            <div class=\"meta-wrap\">\t\t\t<div class=\"cat-links\"><a href=\"https:\/\/www.hotelexoticplaza.com\/en\/category\/news-2\/\" rel=\"tag\">News<\/a><\/div>            <\/div>    <h2 class=\"post-title\">\n        <a href=\"https:\/\/www.hotelexoticplaza.com\/en\/exotic-plaza-hotel-luxury-stay-with-spa-event-hall-wine-cellar-2\/\">Exotic Plaza Hotel | Luxury Stay with Spa, Event Hall &amp; Wine Cellar<\/a>\n    <\/h2>        <\/header>\t\t<div class=\"post-excerpt\"><p>Staying in a hotel isn&#8217;t just about finding a comfortable bed. It&#8217;s an experience that should combine relaxation, comfort, gastronomy, well-being, and conviviality. Our hotel &#8230;<\/p>\n<\/div>             <footer class=\"post-footer\">        <div class=\"more-btn\">\n            <a class=\"read-more-btn button cs-btn-underline\" href=\"https:\/\/www.hotelexoticplaza.com\/en\/exotic-plaza-hotel-luxury-stay-with-spa-event-hall-wine-cellar-2\/\"><span>Lire la suite<\/span><\/a>\n        <\/div>            <\/footer>    <\/div>\n<\/article>\n\n<article class=\"post-4444 post type-post status-publish format-standard has-post-thumbnail hentry category-news\">\n            <div class=\"featured-img\">\n        \t<a href=\"https:\/\/www.hotelexoticplaza.com\/en\/exotic-plaza-hotel-luxury-stay-with-spa-event-hall-wine-cellar\/\"><img fetchpriority=\"high\" decoding=\"async\" width=\"780\" height=\"419\" src=\"https:\/\/www.hotelexoticplaza.com\/wp-content\/uploads\/2025\/08\/DSC00166-1-780x419.jpg\" class=\"attachment-cozystay_780x9999 size-cozystay_780x9999 wp-post-image image-layout-grid-column-2\" alt=\"Exotic Plaza Hotel | Luxury Stay with Spa, Event Hall  Wine Cellar\" srcset=\"https:\/\/www.hotelexoticplaza.com\/wp-content\/uploads\/2025\/08\/DSC00166-1-780x419.jpg 780w, https:\/\/www.hotelexoticplaza.com\/wp-content\/uploads\/2025\/08\/DSC00166-1-300x161.jpg 300w, https:\/\/www.hotelexoticplaza.com\/wp-content\/uploads\/2025\/08\/DSC00166-1-1024x550.jpg 1024w, https:\/\/www.hotelexoticplaza.com\/wp-content\/uploads\/2025\/08\/DSC00166-1-768x413.jpg 768w, https:\/\/www.hotelexoticplaza.com\/wp-content\/uploads\/2025\/08\/DSC00166-1-1536x825.jpg 1536w, https:\/\/www.hotelexoticplaza.com\/wp-content\/uploads\/2025\/08\/DSC00166-1-2048x1100.jpg 2048w, https:\/\/www.hotelexoticplaza.com\/wp-content\/uploads\/2025\/08\/DSC00166-1-1920x1031.jpg 1920w, https:\/\/www.hotelexoticplaza.com\/wp-content\/uploads\/2025\/08\/DSC00166-1-1440x774.jpg 1440w, https:\/\/www.hotelexoticplaza.com\/wp-content\/uploads\/2025\/08\/DSC00166-1-1200x645.jpg 1200w, https:\/\/www.hotelexoticplaza.com\/wp-content\/uploads\/2025\/08\/DSC00166-1-600x322.jpg 600w, https:\/\/www.hotelexoticplaza.com\/wp-content\/uploads\/2025\/08\/DSC00166-1-550x295.jpg 550w, https:\/\/www.hotelexoticplaza.com\/wp-content\/uploads\/2025\/08\/DSC00166-1-370x199.jpg 370w, https:\/\/www.hotelexoticplaza.com\/wp-content\/uploads\/2025\/08\/DSC00166-1-255x137.jpg 255w, https:\/\/www.hotelexoticplaza.com\/wp-content\/uploads\/2025\/08\/DSC00166-1-150x81.jpg 150w\" sizes=\"(max-width: 780px) 100vw, 780px\" \/><\/a>            <div class=\"overlay-label time-label featured-style\">\n                <div class=\"meta-item time\">\n                    <time class=\"published\" datetime=\"2025-08-19T10:41:20+00:00\">\n                        <span class=\"month\">Aug<\/span> <span class=\"day\">19<\/span>\n                    <\/time>\n                <\/div>\n            <\/div>        <\/div>\n    <div class=\"post-content\">\n        <header class=\"post-header\">            <div class=\"meta-wrap\">\t\t\t<div class=\"cat-links\"><a href=\"https:\/\/www.hotelexoticplaza.com\/en\/category\/news\/\" rel=\"tag\">News<\/a><\/div>            <\/div>    <h2 class=\"post-title\">\n        <a href=\"https:\/\/www.hotelexoticplaza.com\/en\/exotic-plaza-hotel-luxury-stay-with-spa-event-hall-wine-cellar\/\">Exotic Plaza Hotel | Luxury Stay with Spa, Event Hall &amp; Wine Cellar<\/a>\n    <\/h2>        <\/header>\t\t<div class=\"post-excerpt\"><p>Staying in a hotel isn&#8217;t just about finding a comfortable bed. It&#8217;s an experience that should combine relaxation, comfort, gastronomy, well-being, and conviviality. Our hotel &#8230;<\/p>\n<\/div>             <footer class=\"post-footer\">        <div class=\"more-btn\">\n            <a class=\"read-more-btn button cs-btn-underline\" href=\"https:\/\/www.hotelexoticplaza.com\/en\/exotic-plaza-hotel-luxury-stay-with-spa-event-hall-wine-cellar\/\"><span>Lire la suite<\/span><\/a>\n        <\/div>            <\/footer>    <\/div>\n<\/article>\n\t\t\t\t<\/div>\t\t\t\t<\/div>\t\t\t\t<\/div>\n\t\t\t\t<\/div>\n\t\t\t\t\t<\/div>\n\t\t<\/div>\n\t\t\t\t\t<\/div>\n\t\t<\/section>\n\t\t\t\t<\/div>\n\t\t","protected":false},"excerpt":{"rendered":"<p>Our Blog Check out the latest news and events of the hotel Ao\u00fbt 19 News H\u00f4tel exotic plaza | S\u00e9jour de Luxe avec Spa, Salle de F\u00eates &amp; Cave \u00e0 Vins S\u00e9journer dans un h\u00f4tel ne se r\u00e9sume pas seulement \u00e0 trouver un lit confortable. C\u2019est une exp\u00e9rience qui doit combiner d\u00e9tente, confort, gastronomie, bien-\u00eatre &#8230;<\/p>\n","protected":false},"author":1,"featured_media":0,"parent":0,"menu_order":0,"comment_status":"closed","ping_status":"closed","template":"template-wide-content.php","meta":{"cozystay_single_page_hide_site_header":"","cozystay_single_page_site_header_source":"","cozystay_single_page_custom_site_header":"0","cozystay_single_page_custom_sticky_site_header":"0","cozystay_single_page_hide_page_title":"","cozystay_single_page_header_section_size":"","cozystay_single_page_header_background_color":"","cozystay_single_page_header_background_position_x":"center","cozystay_single_page_header_background_position_y":"center","cozystay_single_page_header_background_size":"cover","cozystay_single_page_header_background_repeat":"off","cozystay_single_page_header_background_scroll":"on","cozystay_single_page_header_text_color":"","cozystay_single_page_header_show_breadcrumb":"","cozystay_single_page_site_footer_hide_main":"","cozystay_single_custom_site_footer_main_source":"","cozystay_single_custom_site_footer_main":"0","cozystay_single_page_site_footer_hide_above":"","cozystay_single_custom_site_footer_above_source":"","cozystay_single_custom_site_footer_above":"0","cozystay_single_page_site_footer_hide_instagram":"","cozystay_single_page_site_footer_hide_bottom":"","cozystay_single_custom_mobile_menu_source":"","cozystay_single_custom_mobile_menu":"0","cozystay_single_custom_mobile_menu_animation":"","cozystay_single_custom_mobile_menu_width":"","cozystay_single_custom_mobile_menu_custom_width":375,"footnotes":""},"class_list":["post-4303","page","type-page","status-publish","hentry"],"yoast_head":"<!-- This site is optimized with the Yoast SEO plugin v26.6 - https:\/\/yoast.com\/wordpress\/plugins\/seo\/ -->\n<title>Our Blog - Hotel Exotic Plaza<\/title>\n<meta name=\"robots\" content=\"index, follow, max-snippet:-1, max-image-preview:large, max-video-preview:-1\" \/>\n<link rel=\"canonical\" href=\"https:\/\/www.hotelexoticplaza.com\/en\/our-blog-2\/\" \/>\n<meta property=\"og:locale\" content=\"en_US\" \/>\n<meta property=\"og:type\" content=\"article\" \/>\n<meta property=\"og:title\" content=\"Our Blog - Hotel Exotic Plaza\" \/>\n<meta property=\"og:description\" content=\"Our Blog Check out the latest news and events of the hotel Ao\u00fbt 19 News H\u00f4tel exotic plaza | S\u00e9jour de Luxe avec Spa, Salle de F\u00eates &amp; Cave \u00e0 Vins S\u00e9journer dans un h\u00f4tel ne se r\u00e9sume pas seulement \u00e0 trouver un lit confortable. C\u2019est une exp\u00e9rience qui doit combiner d\u00e9tente, confort, gastronomie, bien-\u00eatre ...\" \/>\n<meta property=\"og:url\" content=\"https:\/\/www.hotelexoticplaza.com\/en\/our-blog-2\/\" \/>\n<meta property=\"og:site_name\" content=\"Hotel Exotic Plaza\" \/>\n<meta property=\"article:publisher\" content=\"https:\/\/www.facebook.com\/profile.php?id=61574704242768\" \/>\n<meta property=\"article:modified_time\" content=\"2025-08-27T15:11:35+00:00\" \/>\n<meta property=\"og:image\" content=\"https:\/\/www.hotelexoticplaza.com\/wp-content\/uploads\/2025\/08\/DSC00166-1-780x419.jpg\" \/>\n<meta name=\"twitter:card\" content=\"summary_large_image\" \/>\n<meta name=\"twitter:label1\" content=\"Est. reading time\" \/>\n\t<meta name=\"twitter:data1\" content=\"1 minute\" \/>\n<script type=\"application\/ld+json\" class=\"yoast-schema-graph\">{\"@context\":\"https:\/\/schema.org\",\"@graph\":[{\"@type\":\"WebPage\",\"@id\":\"https:\/\/www.hotelexoticplaza.com\/en\/our-blog-2\/\",\"url\":\"https:\/\/www.hotelexoticplaza.com\/en\/our-blog-2\/\",\"name\":\"Our Blog - Hotel Exotic Plaza\",\"isPartOf\":{\"@id\":\"https:\/\/www.hotelexoticplaza.com\/en\/#website\"},\"primaryImageOfPage\":{\"@id\":\"https:\/\/www.hotelexoticplaza.com\/en\/our-blog-2\/#primaryimage\"},\"image\":{\"@id\":\"https:\/\/www.hotelexoticplaza.com\/en\/our-blog-2\/#primaryimage\"},\"thumbnailUrl\":\"https:\/\/www.hotelexoticplaza.com\/wp-content\/uploads\/2025\/08\/DSC00166-1-780x419.jpg\",\"datePublished\":\"2023-04-22T07:58:56+00:00\",\"dateModified\":\"2025-08-27T15:11:35+00:00\",\"breadcrumb\":{\"@id\":\"https:\/\/www.hotelexoticplaza.com\/en\/our-blog-2\/#breadcrumb\"},\"inLanguage\":\"en-US\",\"potentialAction\":[{\"@type\":\"ReadAction\",\"target\":[\"https:\/\/www.hotelexoticplaza.com\/en\/our-blog-2\/\"]}]},{\"@type\":\"ImageObject\",\"inLanguage\":\"en-US\",\"@id\":\"https:\/\/www.hotelexoticplaza.com\/en\/our-blog-2\/#primaryimage\",\"url\":\"https:\/\/www.hotelexoticplaza.com\/wp-content\/uploads\/2025\/08\/DSC00166-1-780x419.jpg\",\"contentUrl\":\"https:\/\/www.hotelexoticplaza.com\/wp-content\/uploads\/2025\/08\/DSC00166-1-780x419.jpg\"},{\"@type\":\"BreadcrumbList\",\"@id\":\"https:\/\/www.hotelexoticplaza.com\/en\/our-blog-2\/#breadcrumb\",\"itemListElement\":[{\"@type\":\"ListItem\",\"position\":1,\"name\":\"Accueil\",\"item\":\"https:\/\/www.hotelexoticplaza.com\/en\/\"},{\"@type\":\"ListItem\",\"position\":2,\"name\":\"Our Blog\"}]},{\"@type\":\"WebSite\",\"@id\":\"https:\/\/www.hotelexoticplaza.com\/en\/#website\",\"url\":\"https:\/\/www.hotelexoticplaza.com\/en\/\",\"name\":\"Hotel Exotic Plaza\",\"description\":\"\",\"publisher\":{\"@id\":\"https:\/\/www.hotelexoticplaza.com\/en\/#organization\"},\"alternateName\":\"Where Luxury meets Comfort\",\"potentialAction\":[{\"@type\":\"SearchAction\",\"target\":{\"@type\":\"EntryPoint\",\"urlTemplate\":\"https:\/\/www.hotelexoticplaza.com\/en\/?s={search_term_string}\"},\"query-input\":{\"@type\":\"PropertyValueSpecification\",\"valueRequired\":true,\"valueName\":\"search_term_string\"}}],\"inLanguage\":\"en-US\"},{\"@type\":\"Organization\",\"@id\":\"https:\/\/www.hotelexoticplaza.com\/en\/#organization\",\"name\":\"Hotel Exotic Plaza\",\"url\":\"https:\/\/www.hotelexoticplaza.com\/en\/\",\"logo\":{\"@type\":\"ImageObject\",\"inLanguage\":\"en-US\",\"@id\":\"https:\/\/www.hotelexoticplaza.com\/en\/#\/schema\/logo\/image\/\",\"url\":\"https:\/\/www.hotelexoticplaza.com\/wp-content\/uploads\/2025\/08\/logo-leger.avif\",\"contentUrl\":\"https:\/\/www.hotelexoticplaza.com\/wp-content\/uploads\/2025\/08\/logo-leger.avif\",\"width\":1600,\"height\":1600,\"caption\":\"Hotel Exotic Plaza\"},\"image\":{\"@id\":\"https:\/\/www.hotelexoticplaza.com\/en\/#\/schema\/logo\/image\/\"},\"sameAs\":[\"https:\/\/www.facebook.com\/profile.php?id=61574704242768\",\"https:\/\/www.instagram.com\/exotic_plaza_hotel\",\"https:\/\/www.youtube.com\/@ExoticplazaHotel\"]}]}<\/script>\n<!-- \/ Yoast SEO plugin. -->","yoast_head_json":{"title":"Our Blog - Hotel Exotic Plaza","robots":{"index":"index","follow":"follow","max-snippet":"max-snippet:-1","max-image-preview":"max-image-preview:large","max-video-preview":"max-video-preview:-1"},"canonical":"https:\/\/www.hotelexoticplaza.com\/en\/our-blog-2\/","og_locale":"en_US","og_type":"article","og_title":"Our Blog - Hotel Exotic Plaza","og_description":"Our Blog Check out the latest news and events of the hotel Ao\u00fbt 19 News H\u00f4tel exotic plaza | S\u00e9jour de Luxe avec Spa, Salle de F\u00eates &amp; Cave \u00e0 Vins S\u00e9journer dans un h\u00f4tel ne se r\u00e9sume pas seulement \u00e0 trouver un lit confortable. C\u2019est une exp\u00e9rience qui doit combiner d\u00e9tente, confort, gastronomie, bien-\u00eatre ...","og_url":"https:\/\/www.hotelexoticplaza.com\/en\/our-blog-2\/","og_site_name":"Hotel Exotic Plaza","article_publisher":"https:\/\/www.facebook.com\/profile.php?id=61574704242768","article_modified_time":"2025-08-27T15:11:35+00:00","og_image":[{"url":"https:\/\/www.hotelexoticplaza.com\/wp-content\/uploads\/2025\/08\/DSC00166-1-780x419.jpg","type":"","width":"","height":""}],"twitter_card":"summary_large_image","twitter_misc":{"Est. reading time":"1 minute"},"schema":{"@context":"https:\/\/schema.org","@graph":[{"@type":"WebPage","@id":"https:\/\/www.hotelexoticplaza.com\/en\/our-blog-2\/","url":"https:\/\/www.hotelexoticplaza.com\/en\/our-blog-2\/","name":"Our Blog - Hotel Exotic Plaza","isPartOf":{"@id":"https:\/\/www.hotelexoticplaza.com\/en\/#website"},"primaryImageOfPage":{"@id":"https:\/\/www.hotelexoticplaza.com\/en\/our-blog-2\/#primaryimage"},"image":{"@id":"https:\/\/www.hotelexoticplaza.com\/en\/our-blog-2\/#primaryimage"},"thumbnailUrl":"https:\/\/www.hotelexoticplaza.com\/wp-content\/uploads\/2025\/08\/DSC00166-1-780x419.jpg","datePublished":"2023-04-22T07:58:56+00:00","dateModified":"2025-08-27T15:11:35+00:00","breadcrumb":{"@id":"https:\/\/www.hotelexoticplaza.com\/en\/our-blog-2\/#breadcrumb"},"inLanguage":"en-US","potentialAction":[{"@type":"ReadAction","target":["https:\/\/www.hotelexoticplaza.com\/en\/our-blog-2\/"]}]},{"@type":"ImageObject","inLanguage":"en-US","@id":"https:\/\/www.hotelexoticplaza.com\/en\/our-blog-2\/#primaryimage","url":"https:\/\/www.hotelexoticplaza.com\/wp-content\/uploads\/2025\/08\/DSC00166-1-780x419.jpg","contentUrl":"https:\/\/www.hotelexoticplaza.com\/wp-content\/uploads\/2025\/08\/DSC00166-1-780x419.jpg"},{"@type":"BreadcrumbList","@id":"https:\/\/www.hotelexoticplaza.com\/en\/our-blog-2\/#breadcrumb","itemListElement":[{"@type":"ListItem","position":1,"name":"Accueil","item":"https:\/\/www.hotelexoticplaza.com\/en\/"},{"@type":"ListItem","position":2,"name":"Our Blog"}]},{"@type":"WebSite","@id":"https:\/\/www.hotelexoticplaza.com\/en\/#website","url":"https:\/\/www.hotelexoticplaza.com\/en\/","name":"Hotel Exotic Plaza","description":"","publisher":{"@id":"https:\/\/www.hotelexoticplaza.com\/en\/#organization"},"alternateName":"Where Luxury meets Comfort","potentialAction":[{"@type":"SearchAction","target":{"@type":"EntryPoint","urlTemplate":"https:\/\/www.hotelexoticplaza.com\/en\/?s={search_term_string}"},"query-input":{"@type":"PropertyValueSpecification","valueRequired":true,"valueName":"search_term_string"}}],"inLanguage":"en-US"},{"@type":"Organization","@id":"https:\/\/www.hotelexoticplaza.com\/en\/#organization","name":"Hotel Exotic Plaza","url":"https:\/\/www.hotelexoticplaza.com\/en\/","logo":{"@type":"ImageObject","inLanguage":"en-US","@id":"https:\/\/www.hotelexoticplaza.com\/en\/#\/schema\/logo\/image\/","url":"https:\/\/www.hotelexoticplaza.com\/wp-content\/uploads\/2025\/08\/logo-leger.avif","contentUrl":"https:\/\/www.hotelexoticplaza.com\/wp-content\/uploads\/2025\/08\/logo-leger.avif","width":1600,"height":1600,"caption":"Hotel Exotic Plaza"},"image":{"@id":"https:\/\/www.hotelexoticplaza.com\/en\/#\/schema\/logo\/image\/"},"sameAs":["https:\/\/www.facebook.com\/profile.php?id=61574704242768","https:\/\/www.instagram.com\/exotic_plaza_hotel","https:\/\/www.youtube.com\/@ExoticplazaHotel"]}]}},"_links":{"self":[{"href":"https:\/\/www.hotelexoticplaza.com\/en\/wp-json\/wp\/v2\/pages\/4303","targetHints":{"allow":["GET"]}}],"collection":[{"href":"https:\/\/www.hotelexoticplaza.com\/en\/wp-json\/wp\/v2\/pages"}],"about":[{"href":"https:\/\/www.hotelexoticplaza.com\/en\/wp-json\/wp\/v2\/types\/page"}],"author":[{"embeddable":true,"href":"https:\/\/www.hotelexoticplaza.com\/en\/wp-json\/wp\/v2\/users\/1"}],"replies":[{"embeddable":true,"href":"https:\/\/www.hotelexoticplaza.com\/en\/wp-json\/wp\/v2\/comments?post=4303"}],"version-history":[{"count":0,"href":"https:\/\/www.hotelexoticplaza.com\/en\/wp-json\/wp\/v2\/pages\/4303\/revisions"}],"wp:attachment":[{"href":"https:\/\/www.hotelexoticplaza.com\/en\/wp-json\/wp\/v2\/media?parent=4303"}],"curies":[{"name":"wp","href":"https:\/\/api.w.org\/{rel}","templated":true}]}}